{"id":3597,"date":"2024-04-18T22:12:27","date_gmt":"2024-04-18T22:12:27","guid":{"rendered":"https:\/\/supersimpletienda.cl\/?post_type=product&#038;p=3597"},"modified":"2024-12-11T15:15:57","modified_gmt":"2024-12-11T15:15:57","slug":"cargador-inalambrico-para-iphone-11-se-xr-xs-8-carga-rapida-15w","status":"publish","type":"product","link":"https:\/\/supersimpletienda.cl\/index.php\/producto\/cargador-inalambrico-para-iphone-11-se-xr-xs-8-carga-rapida-15w\/","title":{"rendered":"Cargador Inal\u00e1mbrico para iPhone 11 SE XR XS 8 Carga R\u00e1pida 15w"},"content":{"rendered":"<p>Cargador Inal\u00e1mbrico compatibles con iPhone 11 e inferiores \u2013 Samsung Galaxy Series S \/ Note y Flip \/ Xiaomi \/ Huawei con carga inal\u00e1mbrica integrada<\/p>\n<p>Certificaci\u00f3n con Est\u00e1ndar QI por ello es compatible con gran Variedad de Marcas y Modelos<\/p>\n<p>Certificaci\u00f3n Internacional (FCC &#8211; CE \u2013 RoHS)<\/p>\n<p>Cargador Inal\u00e1mbrico de Carga R\u00e1pida de 15 watt marca KuuLaa, dise\u00f1o ultra delgado, peque\u00f1o y ligero, soporta carga inal\u00e1mbrica QI est\u00e1ndar, protecci\u00f3n m\u00faltiple de alta seguridad.<\/p>\n<p>La carga inal\u00e1mbrica se produce con el simple hecho de poner en contacto su tel\u00e9fono inteligente con la base del cargador. Debe asegurarse que su Smartphone viene con carga inal\u00e1mbrica integrada.<\/p>\n<p><b>Compatibilidad:<\/b><\/p>\n<ul>\n<li>iPhone 11 \/ 11 PRO \/11 PRO MAX<\/li>\n<li>iPhone 8 \/ 8 Plus \/ XR \/ XS<\/li>\n<li>SAMSUNG NOTE 10-10+-10+5G\/ S9 \/ S8 \u2013 Note &#8211; Flip<\/li>\n<li>HUAWEI MATE 20 PRO \/ MATE 20 PRO RS \/ P30 PRO<\/li>\n<li>Consulte por el suyo, con gusto le indicaremos a cuanto carga su m\u00f3vil ofreciendo la mejor opci\u00f3n.<\/li>\n<\/ul>\n","protected":false},"excerpt":{"rendered":"<p>Cargador Inal\u00e1mbrico compatibles con iPhone 11 e inferiores \u2013 Samsung Galaxy Series S \/ Note y Flip \/ Xiaomi \/ Huawei con carga inal\u00e1mbrica integrada Certificaci\u00f3n con Est\u00e1ndar QI por ello es compatible con gran Variedad de Marcas y Modelos Certificaci\u00f3n Internacional (FCC &#8211; CE \u2013 RoHS) Cargador Inal\u00e1mbrico de Carga R\u00e1pida de 15 watt [&hellip;]<\/p>\n","protected":false},"featured_media":3598,"comment_status":"closed","ping_status":"closed","template":"","meta":[],"product_brand":[],"product_cat":[204,245,205,220],"product_tag":[304],"class_list":{"0":"post-3597","1":"product","2":"type-product","3":"status-publish","4":"has-post-thumbnail","6":"product_cat-cargadores-inalambricos","7":"product_cat-navidad-regalos","8":"product_cat-nuevos-productos","9":"product_cat-qi-para-escritorio","10":"product_tag-carga-rapida-15w","12":"first","13":"instock","14":"sale","15":"taxable","16":"shipping-taxable","17":"purchasable","18":"product-type-simple"},"_links":{"self":[{"href":"https:\/\/supersimpletienda.cl\/index.php\/wp-json\/wp\/v2\/product\/3597","targetHints":{"allow":["GET"]}}],"collection":[{"href":"https:\/\/supersimpletienda.cl\/index.php\/wp-json\/wp\/v2\/product"}],"about":[{"href":"https:\/\/supersimpletienda.cl\/index.php\/wp-json\/wp\/v2\/types\/product"}],"replies":[{"embeddable":true,"href":"https:\/\/supersimpletienda.cl\/index.php\/wp-json\/wp\/v2\/comments?post=3597"}],"version-history":[{"count":1,"href":"https:\/\/supersimpletienda.cl\/index.php\/wp-json\/wp\/v2\/product\/3597\/revisions"}],"predecessor-version":[{"id":5338,"href":"https:\/\/supersimpletienda.cl\/index.php\/wp-json\/wp\/v2\/product\/3597\/revisions\/5338"}],"wp:featuredmedia":[{"embeddable":true,"href":"https:\/\/supersimpletienda.cl\/index.php\/wp-json\/wp\/v2\/media\/3598"}],"wp:attachment":[{"href":"https:\/\/supersimpletienda.cl\/index.php\/wp-json\/wp\/v2\/media?parent=3597"}],"wp:term":[{"taxonomy":"product_brand","embeddable":true,"href":"https:\/\/supersimpletienda.cl\/index.php\/wp-json\/wp\/v2\/product_brand?post=3597"},{"taxonomy":"product_cat","embeddable":true,"href":"https:\/\/supersimpletienda.cl\/index.php\/wp-json\/wp\/v2\/product_cat?post=3597"},{"taxonomy":"product_tag","embeddable":true,"href":"https:\/\/supersimpletienda.cl\/index.php\/wp-json\/wp\/v2\/product_tag?post=3597"}],"curies":[{"name":"wp","href":"https:\/\/api.w.org\/{rel}","templated":true}]}}