{"id":3128,"date":"2024-01-04T16:51:47","date_gmt":"2024-01-04T16:51:47","guid":{"rendered":"https:\/\/supersimpletienda.cl\/?page_id=3128"},"modified":"2025-01-17T20:58:11","modified_gmt":"2025-01-17T20:58:11","slug":"terminos-y-condiciones","status":"publish","type":"page","link":"https:\/\/supersimpletienda.cl\/index.php\/terminos-y-condiciones\/","title":{"rendered":"Terminos y condiciones"},"content":{"rendered":"\t\t<div data-elementor-type=\"wp-page\" data-elementor-id=\"3128\" class=\"elementor elementor-3128\" data-elementor-post-type=\"page\">\n\t\t\t\t\t\t<section class=\"elementor-section elementor-top-section elementor-element elementor-element-d778232 elementor-section-boxed elementor-section-height-default elementor-section-height-default\" data-id=\"d778232\" data-element_type=\"section\" data-e-type=\"section\" data-settings=\"{&quot;jet_parallax_layout_list&quot;:[]}\">\n\t\t\t\t\t\t<div class=\"elementor-container elementor-column-gap-default\">\n\t\t\t\t\t<div class=\"elementor-column elementor-col-100 elementor-top-column elementor-element elementor-element-1bc6be5\" data-id=\"1bc6be5\" data-element_type=\"column\" data-e-type=\"column\">\n\t\t\t<div class=\"elementor-widget-wrap elementor-element-populated\">\n\t\t\t\t\t\t<div class=\"elementor-element elementor-element-4259c6e elementor-widget elementor-widget-text-editor\" data-id=\"4259c6e\" data-element_type=\"widget\" data-e-type=\"widget\" data-widget_type=\"text-editor.default\">\n\t\t\t\t<div class=\"elementor-widget-container\">\n\t\t\t\t\t\t\t\t\t<p><strong>I.-Ley del Consumidor.<\/strong><\/p><p>La Ley del Consumidor no contempla ninguna obligaci\u00f3n a los proveedores respecto a otorgar devoluciones de dinero o efectuar cambios de productos, salvo cuando se trate de fallas o situaciones en que proceda la garant\u00eda legal.<\/p><p><strong>II.- Servicio T\u00e9cnico.<\/strong><br \/><br \/>Todo producto que presente fallas t\u00e9cnicas de f\u00e1brica o durante su uso, ser\u00e1 enviado a servicio t\u00e9cnico (sin excepci\u00f3n), para validar lo indicado por el cliente, entregando un plazo de respuesta establecido seg\u00fan indique el fabricante.<\/p><p><strong>III.- Compras Presenciales o Digitales<\/strong><br \/><br \/>Compras realizadas en la tienda comercial Meow Muse, a trav\u00e9s de la p\u00e1gina web meowmuse.cl, MercadoLibre, Marketplace o cualquier medio digital.<\/p><p>De acuerdo a la facultad que confiere el art\u00edculo 3 BIS de la Ley del Consumidor, Meow Muse no otorga el derecho de retracto o garant\u00eda de satisfacci\u00f3n en ning\u00fan tipo de compras, bajo ninguna circunstancia.<\/p><p><strong>IV.-Devoluci\u00f3n de Dinero.<\/strong><br \/><br \/>En caso de que corresponda realizar la restituci\u00f3n del dinero a nuestros clientes, por cualquier motivo o causal indicado en el punto I, Meow Muse dispondr\u00e1 para dicha gesti\u00f3n de un plazo m\u00e1ximo de 07 d\u00edas corridos desde la emisi\u00f3n de la correspondiente nota de cr\u00e9dito.<\/p><p>En los casos de compras que se efect\u00faan mediante tarjeta de cr\u00e9dito, ya sea bancaria o de casa comercial, se entender\u00e1 cumplida la gesti\u00f3n de devoluci\u00f3n una vez emitida la comunicaci\u00f3n a la plataforma dispuesta por la entidad emisora de la tarjeta solicitando se procese la anulaci\u00f3n de la compra. Meow Muse no se har\u00e1 responsable por el retraso de los emisiones de tarjeta bancaria respecto de las restituciones de los fondos una vez solicitada la referida anulaci\u00f3n.<\/p><p>En cuanto a devoluciones por compras efectuadas mediante tarjeta de d\u00e9bito, de casa comercial o bien, mediante transferencia electr\u00f3nica, Meow Muse se contactar\u00e1 con el cliente mediante correo electr\u00f3nico o v\u00eda telef\u00f3nica para comunicar la emisi\u00f3n de la respectiva nota de cr\u00e9dito junto con confirmar los datos bancarios de la cuenta a la cual se realizar\u00e1 la transferencia, restituci\u00f3n que se realizar\u00e1 en el plazo se\u00f1alado en el p\u00e1rrafo anterior. La devoluci\u00f3n se realizar\u00e1 siempre a la cuenta desde la cual se gener\u00f3 la transferencia o pago asociado a la compra (sin excepci\u00f3n).<\/p>\t\t\t\t\t\t\t\t<\/div>\n\t\t\t\t<\/div>\n\t\t\t\t\t<\/div>\n\t\t<\/div>\n\t\t\t\t\t<\/div>\n\t\t<\/section>\n\t\t\t\t<\/div>\n\t\t","protected":false},"excerpt":{"rendered":"<p>I.-Ley del Consumidor. La Ley del Consumidor no contempla ninguna obligaci\u00f3n a los proveedores respecto a otorgar devoluciones de dinero o efectuar cambios de productos, salvo cuando se trate de fallas o situaciones en que proceda la garant\u00eda legal. II.- Servicio T\u00e9cnico. Todo producto que presente fallas t\u00e9cnicas de f\u00e1brica o durante su uso, ser\u00e1 [&hellip;]<\/p>\n","protected":false},"author":2,"featured_media":0,"parent":0,"menu_order":0,"comment_status":"closed","ping_status":"closed","template":"","meta":{"footnotes":""},"class_list":["post-3128","page","type-page","status-publish","hentry"],"_links":{"self":[{"href":"https:\/\/supersimpletienda.cl\/index.php\/wp-json\/wp\/v2\/pages\/3128","targetHints":{"allow":["GET"]}}],"collection":[{"href":"https:\/\/supersimpletienda.cl\/index.php\/wp-json\/wp\/v2\/pages"}],"about":[{"href":"https:\/\/supersimpletienda.cl\/index.php\/wp-json\/wp\/v2\/types\/page"}],"author":[{"embeddable":true,"href":"https:\/\/supersimpletienda.cl\/index.php\/wp-json\/wp\/v2\/users\/2"}],"replies":[{"embeddable":true,"href":"https:\/\/supersimpletienda.cl\/index.php\/wp-json\/wp\/v2\/comments?post=3128"}],"version-history":[{"count":1,"href":"https:\/\/supersimpletienda.cl\/index.php\/wp-json\/wp\/v2\/pages\/3128\/revisions"}],"predecessor-version":[{"id":5376,"href":"https:\/\/supersimpletienda.cl\/index.php\/wp-json\/wp\/v2\/pages\/3128\/revisions\/5376"}],"wp:attachment":[{"href":"https:\/\/supersimpletienda.cl\/index.php\/wp-json\/wp\/v2\/media?parent=3128"}],"curies":[{"name":"wp","href":"https:\/\/api.w.org\/{rel}","templated":true}]}}